{"id":7486,"date":"2023-11-02T16:45:57","date_gmt":"2023-11-02T16:45:57","guid":{"rendered":"https:\/\/lionsgatecapital.com\/cookie-policy-eu"},"modified":"2023-12-05T11:25:31","modified_gmt":"2023-12-05T11:25:31","slug":"datenschutz","status":"publish","type":"page","link":"https:\/\/lionsgatecapital.com\/de\/datenschutz","title":{"rendered":"Datenschutzrichtlinien"},"content":{"rendered":"\t\t<div data-elementor-type=\"wp-page\" data-elementor-id=\"7486\" class=\"elementor elementor-7486 elementor-4697\" data-elementor-post-type=\"page\">\n\t\t\t\t<div class=\"elementor-element elementor-element-15cd3b31 e-flex e-con-boxed wpr-particle-no wpr-jarallax-no wpr-parallax-no wpr-sticky-section-no e-con e-parent\" data-id=\"15cd3b31\" data-element_type=\"container\" data-e-type=\"container\">\n\t\t\t\t\t<div class=\"e-con-inner\">\n\t\t\t\t<div class=\"elementor-element elementor-element-0f3afc1 elementor-widget elementor-widget-heading\" data-id=\"0f3afc1\" data-element_type=\"widget\" data-e-type=\"widget\" data-widget_type=\"heading.default\">\n\t\t\t\t<div class=\"elementor-widget-container\">\n\t\t\t\t\t<h1 class=\"elementor-heading-title elementor-size-default\">Datenschutzrichtlinien<\/h1>\t\t\t\t<\/div>\n\t\t\t\t<\/div>\n\t\t\t\t<div class=\"elementor-element elementor-element-36b36905 elementor-widget elementor-widget-text-editor\" data-id=\"36b36905\" data-element_type=\"widget\" data-e-type=\"widget\" data-widget_type=\"text-editor.default\">\n\t\t\t\t<div class=\"elementor-widget-container\">\n\t\t\t\t\t\t\t\t\t<div class=\"section-learn__content\"><div class=\"section-learn__content\"><div class=\"section-learn__content\"><h2><span style=\"font-size: 25px;\">1. Nutzerinformation &#8211; Datenschutzrichtlinien<\/span><\/h2><p>LIONSGATE CAPITAL S.L., fortan als der VERANTWORTLICHE bezeichnet, ist verantwortlich f\u00fcr die Behandlung der pers\u00f6nlichen Daten des Nutzers. Hiermit wird der Nutzer informiert, dass seine Daten in \u00dcbereinstimmung mit den geltenden Datenschutzbestimmungen zum Schutz personenbezogener Daten behandelt werden, gem\u00e4ss der Verordnung (EU) 2016\/679 vom 27. April 2016 (RGPD) \u00fcber den Schutz nat\u00fcrlicher Personen bei der Verarbeitung personenbezogener Daten und den freien Verkehr dieser Daten und dem spanischen Gesetz\u201d Ley Org\u00e1nica de Proteccion de Datos\u201d (LOPD) bez\u00fcglich dem Schutz personenbezogener Daten.<\/p><p>Ziel der Gesch\u00e4ftsbeziehung ist es Kontakt mit dem Nutzer herzustellen. Folgende Handhabungen sind bei der gegenseitigen Gesch\u00e4ftsbeziehung vorgesehen:<\/p><p>\u00dcbermittlung von Werbung per E-Mail, SMS, MMS, Soziale Medien oder auch anderer elektronischer oder physischer Mittel, die gegenw\u00e4rtig oder in der Zukunft verf\u00fcgbar sind und kommerzielle Kommunikation erm\u00f6glichen. DER VERANTWORTLICHE erstellt diese Mitteilungen und sie beziehen sich auf seine Produkte und Dienstleistungen oder auf seine Mitarbeiter oder Gesch\u00e4ftspartner, mit welchen er eine kommerzielle Vereinbarung abgeschlossen hat. Vermittler ohne Vereinbarung haben keinen Zugang zu personenbezogenen Daten.<\/p><p>* Durchf\u00fchrung statistischer Auswertungen.<\/p><p>* Die Verarbeitung aller Auftr\u00e4ge, Anfragen. Bestellungen oder jede Art von Anfrage, die vom Nutzer \u00fcber eines der zur Verf\u00fcgung stehenden Kontaktformulare gestellt wird.<\/p><p>* Versendung des Newsletter der Webseite.<\/p><p>Kriterien zur Datenaufbewahung: Diese werden gespeichert solange ein gegenseitiges Interesse daran besteht, die Gesch\u00e4ftsbeziehung aufrechtzuerhalten, und wenn dies nicht mehr f\u00fcr diesen Zweck erforderlich ist, werden die Daten mit angemessenen Sicherheitsma\u00dfnahmen beseitigt, um die Pseudonymisierung der Daten oder die vollst\u00e4ndige Zerst\u00f6rung der Daten zu gew\u00e4hrleisten.<\/p><p>Weitergabe der Daten: Die Daten werden nicht an dritte Parteien weitergeben, es sei denn es herrscht eine vertragliche Vereinbarung oder gesetzliche Verpflichtung dies zu tun.<\/p><p>Rechte zum Vorteil der Nutzer:<\/p><p>* Das Recht, jederzeit die Einwilligung zu widerrufen.<\/p><p>* Recht auf Zugang, Berichtigung, Portabilit\u00e4t und L\u00f6schung Ihrer Daten sowie die Einschr\u00e4nkung oder Ablehnung ihrer Nutzung.<\/p><p>* Das Recht, bei der Kontrollbeh\u00f6rde (agpd.es) Beschwerde einzureichen, wenn der Nutzer der Ansicht ist, dass die Behandlung nicht den geltenden Vorschriften entspricht.<\/p><p>Kontaktinformationen um von diesen Rechten Gebrauch zu machen:<\/p><p>Adresse: PASEO DEL BORNE, 17, 2\u00ba, 07012 PALMA, ILLES BALEARS<\/p><p>E-Mail: info@lionsgatecapital.com<\/p><h2><span style=\"font-size: 25px;\">2. OBLIGATORISCHER UND FREIWILLIGER CHARAKTER DER INFORMATIONEN, DIE DER NUTZER ZUR VERF\u00dcGUNG STELLT<\/span><\/h2><p>Durch das Markieren der entsprechenden Einverst\u00e4ndnis-Felder und den Dateneintrag in die Felder, die mit einem Sternchen (*) im Kontakt- oder Downloadformular gekennzeichnet sind, akzeptiert der Nutzer ausdr\u00fccklich, frei und unmissverst\u00e4ndlich, dass diese Daten notwendig sind, um seine Anfrage zu bearbeiten. Der Nutzer ist sich im Klaren, dass das Ausf\u00fcllen der Daten in den restlichen Feldern freiwillig ist. Der Nutzer garantiert, dass die pers\u00f6nlichen Daten die dem VERANTWORTLICHEN zur Verf\u00fcgung gestellt wurden, wahr und korrekt sind, und ist verantwortlich f\u00fcr die Mitteilung jeglicher \u00c4nderungen. Der VERANTWORTLICHE informiert und garantiert den Nutzer ausdr\u00fccklich, dass seine pers\u00f6nlichen Daten in keinem Fall an Dritte Parteien weitergegeben werden, mit welchen keine n\u00f6tige Gesch\u00e4ftsbeziehung besteht und dass bei jeder Art der \u00dcbermittlung personenbezogener Daten die ausdr\u00fcckliche und eindeutige Zustimmung des Nutzers vorher erbeten wird. Alle \u00fcber die Website angeforderten Daten sind verpflichtend, da sie f\u00fcr die Bereitstellung einer optimalen Dienstleistung zum Nutzen des Kunden erforderlich sind. Falls nicht alle erforderlichen Daten zur Verf\u00fcgung gestellt wurden, kann nicht garantiert werden, dass die Antwort-Informationen und Dienstleistungen vollst\u00e4ndig den Kundenbed\u00fcrfnissen entsprechen.<\/p><p>The RESPONSIBLE informs and expressly guarantees users that their personal data will not be transferred in any case to third parties, and that whenever they make any kind of transfer of personal data, the express, informed and unequivocal consent of the Users will be requested in advance. All data requested through the website are mandatory, as they are necessary for the provision of an optimal service to the User. In case all the data is not provided, it is not guaranteed that the information and services provided will be completely adjusted to your needs.<\/p><h2><span style=\"font-size: 25px;\">3. SICHERHEITSMA\u00dfNAHMEN<\/span><\/h2><p>In \u00dcbereinstimmung mit den geltenden Vorschriften zum Schutz personenbezogener Daten, erf\u00fcllt der VERANTWORTLICHE alle Bestimmungen der RGPD und LOPD Vorschriften f\u00fcr den Umgang mit pers\u00f6nlichen Daten, seine Verantwortung und offensichtlich die Grunds\u00e4tze im Artikel 5 der RGPD und im Artikel 4 der LOPD, durch welche nur die n\u00f6tigsten Daten der interessierten Partei eingeholt werden und diese rechtm\u00e4\u00dfig, loyal und transparent f\u00fcr den Zweck der Gesch\u00e4ftsbeziehung verwendet werden.<\/p><p>Der VERANTWORTLICHE stellt sicher, dass angemessene technische und organisatorische Richtlinien zur Anwendung der Sicherheitsma\u00dfnahmen der DSGVO \/ LOPD umgesetzt wurden, um die Rechte und Freiheiten der Nutzer zu sch\u00fctzen, und hat die entsprechenden Informationen bereitgestellt, damit die Nutzer diese Rechte beanspruchen k\u00f6nnen.<\/p><\/div><\/div><\/div>\t\t\t\t\t\t\t\t<\/div>\n\t\t\t\t<\/div>\n\t\t\t\t\t<\/div>\n\t\t\t\t<\/div>\n\t\t\t\t<\/div>\n\t\t","protected":false},"excerpt":{"rendered":"<p>Datenschutzrichtlinien 1. Nutzerinformation &#8211; Datenschutzrichtlinien LIONSGATE CAPITAL S.L., fortan als der VERANTWORTLICHE bezeichnet, ist verantwortlich f\u00fcr die Behandlung der pers\u00f6nlichen Daten des Nutzers. Hiermit wird der Nutzer informiert, dass seine Daten in \u00dcbereinstimmung mit den geltenden Datenschutzbestimmungen zum Schutz personenbezogener Daten behandelt werden, gem\u00e4ss der Verordnung (EU) 2016\/679 vom 27. April 2016 (RGPD) \u00fcber den<\/p>\n","protected":false},"author":1,"featured_media":0,"parent":0,"menu_order":0,"comment_status":"closed","ping_status":"closed","template":"","meta":{"site-sidebar-layout":"default","site-content-layout":"","ast-site-content-layout":"default","site-content-style":"default","site-sidebar-style":"default","ast-global-header-display":"","ast-banner-title-visibility":"","ast-main-header-display":"","ast-hfb-above-header-display":"","ast-hfb-below-header-display":"","ast-hfb-mobile-header-display":"","site-post-title":"disabled","ast-breadcrumbs-content":"","ast-featured-img":"","footer-sml-layout":"","ast-disable-related-posts":"","theme-transparent-header-meta":"default","adv-header-id-meta":"","stick-header-meta":"default","header-above-stick-meta":"","header-main-stick-meta":"","header-below-stick-meta":"","astra-migrate-meta-layouts":"set","ast-page-background-enabled":"default","ast-page-background-meta":{"desktop":{"background-color":"var(--ast-global-color-4)","background-image":"","background-repeat":"repeat","background-position":"center center","background-size":"auto","background-attachment":"scroll","background-type":"","background-media":"","overlay-type":"","overlay-color":"","overlay-opacity":"","overlay-gradient":""},"tablet":{"background-color":"","background-image":"","background-repeat":"repeat","background-position":"center center","background-size":"auto","background-attachment":"scroll","background-type":"","background-media":"","overlay-type":"","overlay-color":"","overlay-opacity":"","overlay-gradient":""},"mobile":{"background-color":"","background-image":"","background-repeat":"repeat","background-position":"center center","background-size":"auto","background-attachment":"scroll","background-type":"","background-media":"","overlay-type":"","overlay-color":"","overlay-opacity":"","overlay-gradient":""}},"ast-content-background-meta":{"desktop":{"background-color":"var(--ast-global-color-5)","background-image":"","background-repeat":"repeat","background-position":"center center","background-size":"auto","background-attachment":"scroll","background-type":"","background-media":"","overlay-type":"","overlay-color":"","overlay-opacity":"","overlay-gradient":""},"tablet":{"background-color":"var(--ast-global-color-5)","background-image":"","background-repeat":"repeat","background-position":"center center","background-size":"auto","background-attachment":"scroll","background-type":"","background-media":"","overlay-type":"","overlay-color":"","overlay-opacity":"","overlay-gradient":""},"mobile":{"background-color":"var(--ast-global-color-5)","background-image":"","background-repeat":"repeat","background-position":"center center","background-size":"auto","background-attachment":"scroll","background-type":"","background-media":"","overlay-type":"","overlay-color":"","overlay-opacity":"","overlay-gradient":""}},"footnotes":""},"class_list":["post-7486","page","type-page","status-publish","hentry"],"_links":{"self":[{"href":"https:\/\/lionsgatecapital.com\/de\/wp-json\/wp\/v2\/pages\/7486","targetHints":{"allow":["GET"]}}],"collection":[{"href":"https:\/\/lionsgatecapital.com\/de\/wp-json\/wp\/v2\/pages"}],"about":[{"href":"https:\/\/lionsgatecapital.com\/de\/wp-json\/wp\/v2\/types\/page"}],"author":[{"embeddable":true,"href":"https:\/\/lionsgatecapital.com\/de\/wp-json\/wp\/v2\/users\/1"}],"replies":[{"embeddable":true,"href":"https:\/\/lionsgatecapital.com\/de\/wp-json\/wp\/v2\/comments?post=7486"}],"version-history":[{"count":0,"href":"https:\/\/lionsgatecapital.com\/de\/wp-json\/wp\/v2\/pages\/7486\/revisions"}],"wp:attachment":[{"href":"https:\/\/lionsgatecapital.com\/de\/wp-json\/wp\/v2\/media?parent=7486"}],"curies":[{"name":"wp","href":"https:\/\/api.w.org\/{rel}","templated":true}]}}